{"id":382,"date":"2025-01-02T16:20:00","date_gmt":"2025-01-02T15:20:00","guid":{"rendered":"\/blog\/?page_id=382"},"modified":"2025-01-02T17:06:23","modified_gmt":"2025-01-02T16:06:23","slug":"risankizumab-skyrizi-2025-2026","status":"publish","type":"page","link":"\/blog\/traitements\/risankizumab-skyrizi-2025-2026\/","title":{"rendered":"Risankizumab (Skyrizi) 2025-2026"},"content":{"rendered":"\n<figure class=\"wp-block-image size-full is-resized\"><img loading=\"lazy\" decoding=\"async\" width=\"1000\" height=\"750\" src=\"\/blog\/wp-content\/uploads\/2025\/01\/skyrizi-150-mg-s-inj-seringue-preremplie-ser-1ml-edited.webp\" alt=\"\" class=\"wp-image-399\" style=\"width:385px;height:auto\" srcset=\"\/blog\/wp-content\/uploads\/2025\/01\/skyrizi-150-mg-s-inj-seringue-preremplie-ser-1ml-edited.webp 1000w, \/blog\/wp-content\/uploads\/2025\/01\/skyrizi-150-mg-s-inj-seringue-preremplie-ser-1ml-edited-300x225.webp 300w, \/blog\/wp-content\/uploads\/2025\/01\/skyrizi-150-mg-s-inj-seringue-preremplie-ser-1ml-edited-768x576.webp 768w, \/blog\/wp-content\/uploads\/2025\/01\/skyrizi-150-mg-s-inj-seringue-preremplie-ser-1ml-edited-800x600.webp 800w\" sizes=\"auto, (max-width: 1000px) 100vw, 1000px\" \/><\/figure>\n\n\n\n<p class=\"has-text-align-left\"><strong>Skyrizi <\/strong>est indiqu\u00e9 dans le traitement du psoriasis en plaques mod\u00e9r\u00e9 \u00e0 s\u00e9v\u00e8re chez l\u2019adulte qui<br>n\u00e9cessite un traitement syst\u00e9mique.<br><strong>Skyrizi<\/strong>, seul ou en association avec le m\u00e9thotrexate (MTX), est indiqu\u00e9 dans le traitement du<br>rhumatisme psoriasique actif chez l&rsquo;adulte ayant pr\u00e9sent\u00e9 une r\u00e9ponse inad\u00e9quate ou une<br>intol\u00e9rance \u00e0 un ou plusieurs traitements de fond antirhumatismaux (DMARD).<br><br>Le <strong>risankizumab <\/strong>(<strong>Skyrizi<\/strong>\u00ae) est un m\u00e9dicament biologique (anticorps humain fabriqu\u00e9 par des cellules en culture) ciblant sp\u00e9cifiquement l\u2019interleukine (IL)-23. L\u2019IL-23 est une prot\u00e9ine produite naturellement et impliqu\u00e9e dans les r\u00e9ponses inflammatoires du psoriasis. En France, le risankizumab a une autorisation de mise sur la march\u00e9 depuis 2019 comme traitement du psoriasis en plaques mod\u00e9r\u00e9 \u00e0 s\u00e9v\u00e8re chez l\u2019adulte qui n\u00e9cessite un traitement syst\u00e9mique. <br>Ce m\u00e9dicament neutralise l\u2019IL-23, une prot\u00e9ine pr\u00e9sente dans l\u2019organisme \u00e0 l\u2019origine de r\u00e9actions inflammatoires.<\/p>\n\n\n\n<p class=\"has-text-align-left\"><em>(Le <strong>risankizumab <\/strong>est un anticorps monoclonal humanis\u00e9 de type immunoglobuline G1 (IgG1) qui<br>se lie s\u00e9lectivement et avec une forte affinit\u00e9 \u00e0 la sous-unit\u00e9 p19 de la cytokine humaine<br>interleukine-23 (IL-23) sans se lier \u00e0 l\u2019IL-12, ce qui inhibe l\u2019interaction avec le complexe<br>r\u00e9cepteur de l\u2019IL-23.L\u2019IL-23 est une cytokine impliqu\u00e9e dans les r\u00e9ponses immunitaires et<br>inflammatoires. En emp\u00eachant la liaison de l\u2019IL-23 \u00e0 son r\u00e9cepteur, le risankizumab inhibe la voie<br>de signalisation cellulaire de l\u2019IL-23 et la lib\u00e9ration des cytokines pro-inflammatoires.)<\/em><\/p>\n\n\n\n<figure class=\"wp-block-image size-full is-resized\"><img loading=\"lazy\" decoding=\"async\" width=\"852\" height=\"420\" src=\"\/blog\/wp-content\/uploads\/2025\/01\/injector-small_r11_desktop.png\" alt=\"\" class=\"wp-image-386\" style=\"width:620px;height:auto\" srcset=\"\/blog\/wp-content\/uploads\/2025\/01\/injector-small_r11_desktop.png 852w, \/blog\/wp-content\/uploads\/2025\/01\/injector-small_r11_desktop-300x148.png 300w, \/blog\/wp-content\/uploads\/2025\/01\/injector-small_r11_desktop-768x379.png 768w\" sizes=\"auto, (max-width: 852px) 100vw, 852px\" \/><\/figure>\n\n\n\n<p><\/p>\n\n\n\n<p><br><strong>Skyrizi <\/strong>est utilis\u00e9 pour traiter le rhumatisme psoriasique chez les adultes. Le rhumatisme psoriasique est une maladie qui provoque une inflammation des articulations et du psoriasis. Si vous \u00eates atteint(e) de rhumatisme psoriasique actif, vous pouvez d\u2019abord recevoir d\u2019autres m\u00e9dicaments. Si ces m\u00e9dicaments ne fonctionnent pas assez bien, vous recevrez Skyrizi seul ou en association avec d\u2019autres m\u00e9dicaments pour traiter votre rhumatisme psoriasique.<\/p>\n\n\n\n<p><strong>Skyrizi <\/strong>r\u00e9duit l\u2019inflammation et peut par cons\u00e9quent contribuer \u00e0 r\u00e9duire les douleurs, la raideur et le gonflement dans et autour de vos articulations, les douleurs et la raideur de votre colonne vert\u00e9brale, les atteintes cutan\u00e9es du psoriasis, les atteintes du psoriasis sur les ongles et il peut ralentir les l\u00e9sions de l\u2019os et du cartilage de vos articulations. Ces effets peuvent faciliter vos activit\u00e9s quotidiennes, r\u00e9duire la fatigue et ainsi am\u00e9liorer votre qualit\u00e9 de vie.<\/p>\n","protected":false},"excerpt":{"rendered":"<p>Skyrizi est indiqu\u00e9 dans le traitement du psoriasis en plaques mod\u00e9r\u00e9 \u00e0 s\u00e9v\u00e8re chez l\u2019adulte quin\u00e9cessite un traitement syst\u00e9mique.Skyrizi, seul ou en association avec le<\/p>\n","protected":false},"author":1,"featured_media":0,"parent":278,"menu_order":5,"comment_status":"closed","ping_status":"closed","template":"","meta":{"footnotes":""},"class_list":["post-382","page","type-page","status-publish","hentry"],"_links":{"self":[{"href":"\/blog\/wp-json\/wp\/v2\/pages\/382","targetHints":{"allow":["GET"]}}],"collection":[{"href":"\/blog\/wp-json\/wp\/v2\/pages"}],"about":[{"href":"\/blog\/wp-json\/wp\/v2\/types\/page"}],"author":[{"embeddable":true,"href":"\/blog\/wp-json\/wp\/v2\/users\/1"}],"replies":[{"embeddable":true,"href":"\/blog\/wp-json\/wp\/v2\/comments?post=382"}],"version-history":[{"count":10,"href":"\/blog\/wp-json\/wp\/v2\/pages\/382\/revisions"}],"predecessor-version":[{"id":402,"href":"\/blog\/wp-json\/wp\/v2\/pages\/382\/revisions\/402"}],"up":[{"embeddable":true,"href":"\/blog\/wp-json\/wp\/v2\/pages\/278"}],"wp:attachment":[{"href":"\/blog\/wp-json\/wp\/v2\/media?parent=382"}],"curies":[{"name":"wp","href":"https:\/\/api.w.org\/{rel}","templated":true}]}}