{"id":305,"date":"2022-05-23T12:05:41","date_gmt":"2022-05-23T10:05:41","guid":{"rendered":"\/blog\/?page_id=305"},"modified":"2025-01-02T16:26:57","modified_gmt":"2025-01-02T15:26:57","slug":"methotrexate","status":"publish","type":"page","link":"\/blog\/traitements\/methotrexate\/","title":{"rendered":"M\u00e9thotrexate"},"content":{"rendered":"\n<div class=\"wp-block-image\"><figure class=\"alignleft size-full is-resized\"><img loading=\"lazy\" decoding=\"async\" src=\"\/blog\/wp-content\/uploads\/2022\/05\/mtx.jpg\" alt=\"\" class=\"wp-image-306\" width=\"419\" height=\"279\" srcset=\"\/blog\/wp-content\/uploads\/2022\/05\/mtx.jpg 600w, \/blog\/wp-content\/uploads\/2022\/05\/mtx-300x200.jpg 300w\" sizes=\"auto, (max-width: 419px) 100vw, 419px\" \/><\/figure><\/div>\n\n\n\n<p>Le m\u00e9thotrexate (acide 4-amino-10-m\u00e9thylfolique) est un antagoniste de l&rsquo;acide folique qui inhibe la r\u00e9duction de l&rsquo;acide folique et la prolif\u00e9ration des cellules tissulaires.<br>Le m\u00e9thotrexate p\u00e9n\u00e8tre dans la cellule par une voie de transport actif des folates r\u00e9duits.<br>Du fait de la polyglutamation du m\u00e9thotrexate induite par l&rsquo;enzyme folylpolyglutamylate synth\u00e9tase (FPGS), la dur\u00e9e de l&rsquo;effet cytotoxique de la substance active dans la cellule augmente.<br>Le m\u00e9thotrexate est une substance phase-d\u00e9pendante dont la principale action est dirig\u00e9e sur la phase S du cycle cellulaire.<br>Il agit g\u00e9n\u00e9ralement de fa\u00e7on plus efficace sur les tissus en prolif\u00e9ration active tels que les cellules malignes, la moelle osseuse, les cellules foetales, l&rsquo;\u00e9pith\u00e9lium cutan\u00e9, les muqueuses buccale et intestinale et les cellules de la vessie.<br>Comme la prolif\u00e9ration des cellules malignes est plus importante que celles des cellules normales, le m\u00e9thotrexate peut ralentir leur prolif\u00e9ration sans causer cependant de dommages irr\u00e9versibles aux tissus sains.<\/p>\n\n\n\n<p><strong>Cas d&rsquo;usage:<\/strong><br>Le m\u00e9thotrexate est utilis\u00e9 dans la prise en charge de&nbsp;:<\/p>\n\n\n\n<p>&#8211;&nbsp;cancers bronchopulmonaires \u00e0 petites cellules,<br>&#8211; cancers de l\u2019ovaire,<br>&#8211; cancers de la vessie,<br>&#8211; cancers du sein,<br>&#8211; cancers otorhinolaryngologiques,<br>&#8211; choriocarcinomes placentaires,<br>&#8211; leuc\u00e9mies aigu\u00ebs lymphoblastiques,<br>&#8211; lymphomes malins non hodgkiniens,<br>&#8211; polyarthrites chroniques juv\u00e9niles,<br>&#8211; polyarthrites rhumato\u00efdes,<br>&#8211; psoriasis \u00e9tendus et s\u00e9v\u00e8res,<br>&#8211; rhumatismes psoriasiques,<br>&#8211; sarcomes des os.<\/p>\n\n\n\n<p><strong>Conception d&rsquo;un enfant:<\/strong><br>Chez la femme :<br>Chez une patiente sous anti-TNF\u03b1, le m\u00e9thotrexate est souvent associ\u00e9 et un souhait de\u00a0grossesse impose en premier lieu son arr\u00eat. Sa demi-vie d\u2019\u00e9limination plasmatique est de\u00a03 \u00e0 4 heures, soit une \u00e9limination du compartiment plasmatique dans un d\u00e9lai d\u2019environ 20\u00a0heures. En th\u00e9orie, une conception serait donc possible d\u00e8s le lendemain de l\u2019arr\u00eat du\u00a0m\u00e9thotrexate ; toutefois par prudence, et en raison de son caract\u00e8re t\u00e9ratog\u00e8ne et des incertitudes quant aux \u00e9quivalences entre demi-vie plasmatique et demi-vie tissulaire, le\u00a0d\u00e9lai \u00e0 respecter entre l\u2019arr\u00eat du m\u00e9thotrexate et la conception chez la femme peut \u00eatre\u00a0fix\u00e9 \u00e0 un mois.<\/p>\n\n\n\n<p>Chez l\u2019homme :<br>Le m\u00e9thotrexate dont les effets t\u00e9ratog\u00e8ne, abortif et mutag\u00e8ne ont \u00e9t\u00e9 d\u00e9montr\u00e9s doit\u00a0absolument \u00eatre arr\u00eat\u00e9 au moins 3 mois (un cycle de spermatog\u00e9n\u00e8se = 71-72 jours)\u00a0avant la conception.<\/p>\n","protected":false},"excerpt":{"rendered":"<p>Le m\u00e9thotrexate (acide 4-amino-10-m\u00e9thylfolique) est un antagoniste de l&rsquo;acide folique qui inhibe la r\u00e9duction de l&rsquo;acide folique et la prolif\u00e9ration des cellules tissulaires.Le m\u00e9thotrexate p\u00e9n\u00e8tre<\/p>\n","protected":false},"author":1,"featured_media":0,"parent":278,"menu_order":99,"comment_status":"closed","ping_status":"closed","template":"","meta":{"footnotes":""},"class_list":["post-305","page","type-page","status-publish","hentry"],"_links":{"self":[{"href":"\/blog\/wp-json\/wp\/v2\/pages\/305","targetHints":{"allow":["GET"]}}],"collection":[{"href":"\/blog\/wp-json\/wp\/v2\/pages"}],"about":[{"href":"\/blog\/wp-json\/wp\/v2\/types\/page"}],"author":[{"embeddable":true,"href":"\/blog\/wp-json\/wp\/v2\/users\/1"}],"replies":[{"embeddable":true,"href":"\/blog\/wp-json\/wp\/v2\/comments?post=305"}],"version-history":[{"count":1,"href":"\/blog\/wp-json\/wp\/v2\/pages\/305\/revisions"}],"predecessor-version":[{"id":307,"href":"\/blog\/wp-json\/wp\/v2\/pages\/305\/revisions\/307"}],"up":[{"embeddable":true,"href":"\/blog\/wp-json\/wp\/v2\/pages\/278"}],"wp:attachment":[{"href":"\/blog\/wp-json\/wp\/v2\/media?parent=305"}],"curies":[{"name":"wp","href":"https:\/\/api.w.org\/{rel}","templated":true}]}}