{"id":292,"date":"2022-05-23T12:00:34","date_gmt":"2022-05-23T10:00:34","guid":{"rendered":"\/blog\/?page_id=292"},"modified":"2025-01-02T16:24:33","modified_gmt":"2025-01-02T15:24:33","slug":"etanercept-enbrel","status":"publish","type":"page","link":"\/blog\/traitements\/etanercept-enbrel\/","title":{"rendered":"Etanercept (Enbrel) 2013-2016"},"content":{"rendered":"\n<div class=\"wp-block-image\"><figure class=\"alignleft size-full\"><img loading=\"lazy\" decoding=\"async\" width=\"415\" height=\"270\" src=\"\/blog\/wp-content\/uploads\/2022\/05\/enbrel.jpg\" alt=\"\" class=\"wp-image-293\" srcset=\"\/blog\/wp-content\/uploads\/2022\/05\/enbrel.jpg 415w, \/blog\/wp-content\/uploads\/2022\/05\/enbrel-300x195.jpg 300w\" sizes=\"auto, (max-width: 415px) 100vw, 415px\" \/><\/figure><\/div>\n\n\n\n<p>L&rsquo;Etanercept est une prot\u00e9ine de fusion du r\u00e9cepteur p75 du facteur n\u00e9crosant des tumeurs.<br>L&rsquo;Etanercept est produit par g\u00e9nie g\u00e9n\u00e9tique et exprim\u00e9 dans des cellules ovariennes de hamster chinois (CHO).<br>L&rsquo;Etanercept est un dim\u00e8re d\u2019une prot\u00e9ine chim\u00e8re g\u00e9n\u00e9tiquement modifi\u00e9e qui a \u00e9t\u00e9 obtenue en fusionnant le domaine de liaison extracellulaire du r\u00e9cepteur 2 humain au facteur n\u00e9crosant des tumeurs (TNFR2\/p75) et le domaine Fc de l\u2019IgG1 humaine.<br>Ce fragment Fc contient les r\u00e9gions charni\u00e8re, CH2 et CH3, mais pas la r\u00e9gion CH1 de l\u2019IgG1.<br>L&rsquo;Etanercept est constitu\u00e9 de 934 acides amin\u00e9s et son poids mol\u00e9culaire apparent est d\u2019environ 150 kilodaltons.<br>L\u2019activit\u00e9 sp\u00e9cifique d\u2019etanercept est de 1,7 x 106 unit\u00e9s\/mg.<\/p>\n\n\n\n<p><strong><u>Indications th\u00e9rapeutiques:<\/u><\/strong><br><strong>Polyarthrite rhumato\u00efde:<\/strong><br>Enbrel en association au m\u00e9thotrexate est indiqu\u00e9 pour le traitement de la polyarthrite rhumato\u00efde mod\u00e9r\u00e9ment \u00e0 s\u00e9v\u00e8rement active de l\u2019adulte en cas de r\u00e9ponse inad\u00e9quate aux traitements de fond, y compris le m\u00e9thotrexate (sauf contre-indication).<br>Enbrel peut \u00eatre donn\u00e9 en monoth\u00e9rapie en cas d\u2019intol\u00e9rance au m\u00e9thotrexate ou lorsque la poursuite du traitement avec le m\u00e9thotrexate est inadapt\u00e9e.<br>Enbrel est \u00e9galement indiqu\u00e9 dans le traitement de la polyarthrite rhumato\u00efde s\u00e9v\u00e8re, active et \u00e9volutive de l\u2019adulte non pr\u00e9c\u00e9demment trait\u00e9 par le m\u00e9thotrexate.<br>Il a \u00e9t\u00e9 montr\u00e9 qu\u2019Enbrel, seul ou en association avec le m\u00e9thotrexate, ralentit la progression des dommages structuraux articulaires tels que mesur\u00e9s par la radiographie et am\u00e9liore les capacit\u00e9s fonctionnelles.<\/p>\n\n\n\n<p><strong>Arthrite juv\u00e9nile idiopathique:<\/strong><br>Traitement de la polyarthrite (facteur rhumato\u00efde positif ou n\u00e9gatif) et de l\u2019oligoarthrite extensive de l&rsquo;enfant \u00e0 partir de 2 ans et de l\u2019adolescent en cas de r\u00e9ponse inad\u00e9quate ou d&rsquo;intol\u00e9rance av\u00e9r\u00e9e au m\u00e9thotrexate.<br>Traitement de l\u2019arthrite psoriasique de l\u2019adolescent \u00e0 partir de l\u2019\u00e2ge de 12 ans en cas de r\u00e9ponse inad\u00e9quate ou d\u2019intol\u00e9rance av\u00e9r\u00e9e au m\u00e9thotrexate.<br>Traitement de l\u2019arthrite li\u00e9e \u00e0 l\u2019enth\u00e9site de l\u2019adolescent \u00e0 partir de l\u2019\u00e2ge de 12 ans en cas de r\u00e9ponse inad\u00e9quate ou d\u2019intol\u00e9rance av\u00e9r\u00e9e au traitement de r\u00e9f\u00e9rence.<br>Enbrel n&rsquo;a pas \u00e9t\u00e9 \u00e9tudi\u00e9 chez l&rsquo;enfant de moins de 2 ans.<\/p>\n\n\n\n<p><strong>Rhumatisme psoriasique:<\/strong><br>Traitement du rhumatisme psoriasique actif et \u00e9volutif de l\u2019adulte en cas de r\u00e9ponse inad\u00e9quate au traitement de fond ant\u00e9rieur.<br>Il a \u00e9t\u00e9 montr\u00e9 qu\u2019Enbrel am\u00e9liore les capacit\u00e9s fonctionnelles chez les patients atteints de rhumatisme psoriasique, et ralentit la progression des dommages structuraux articulaires p\u00e9riph\u00e9riques tels que mesur\u00e9s par la radiographie chez les patients ayant des formes polyarticulaires sym\u00e9triques de la maladie.<\/p>\n\n\n\n<p><strong>Spondylarthrite ankylosante (SA):<\/strong><br>Traitement de la spondylarthrite ankylosante s\u00e9v\u00e8re et active de l\u2019adulte en cas de r\u00e9ponse inad\u00e9quate au traitement conventionnel.<\/p>\n\n\n\n<p><strong>Spondyloarthrite axiale non radiographique:<\/strong><br>Traitement de la spondyloarthrite axiale non radiographique s\u00e9v\u00e8re de l\u2019adulte avec des signes objectifs d\u2019inflammation, se traduisant par un taux \u00e9lev\u00e9 de prot\u00e9ine C r\u00e9active (CRP) et\/ou des signes visibles \u00e0 l\u2019imagerie par r\u00e9sonance magn\u00e9tique (IRM), en cas de r\u00e9ponse inad\u00e9quate aux antiinflammatoires non st\u00e9ro\u00efdiens (AINS).<\/p>\n\n\n\n<p><strong>Psoriasis en plaques:<\/strong><br>Traitement du psoriasis en plaques mod\u00e9r\u00e9 \u00e0 s\u00e9v\u00e8re de l\u2019adulte en cas d\u2019\u00e9chec, ou de contreindication, ou d\u2019intol\u00e9rance aux autres traitements syst\u00e9miques y compris la ciclosporine, le m\u00e9thotrexate ou la puvath\u00e9rapie (voir rubrique 5.1).<\/p>\n\n\n\n<p><strong>Psoriasis en plaques de l\u2019enfant:<\/strong><br>Traitement du psoriasis en plaques s\u00e9v\u00e8re chronique de l\u2019enfant \u00e0 partir de 6 ans et de l\u2019adolescent en cas de contr\u00f4le inad\u00e9quat, ou d\u2019intol\u00e9rance aux autres traitements syst\u00e9miques ou \u00e0 la phototh\u00e9rapie.<\/p>\n","protected":false},"excerpt":{"rendered":"<p>L&rsquo;Etanercept est une prot\u00e9ine de fusion du r\u00e9cepteur p75 du facteur n\u00e9crosant des tumeurs.L&rsquo;Etanercept est produit par g\u00e9nie g\u00e9n\u00e9tique et exprim\u00e9 dans des cellules ovariennes<\/p>\n","protected":false},"author":1,"featured_media":0,"parent":278,"menu_order":1,"comment_status":"closed","ping_status":"closed","template":"","meta":{"footnotes":""},"class_list":["post-292","page","type-page","status-publish","hentry"],"_links":{"self":[{"href":"\/blog\/wp-json\/wp\/v2\/pages\/292","targetHints":{"allow":["GET"]}}],"collection":[{"href":"\/blog\/wp-json\/wp\/v2\/pages"}],"about":[{"href":"\/blog\/wp-json\/wp\/v2\/types\/page"}],"author":[{"embeddable":true,"href":"\/blog\/wp-json\/wp\/v2\/users\/1"}],"replies":[{"embeddable":true,"href":"\/blog\/wp-json\/wp\/v2\/comments?post=292"}],"version-history":[{"count":2,"href":"\/blog\/wp-json\/wp\/v2\/pages\/292\/revisions"}],"predecessor-version":[{"id":347,"href":"\/blog\/wp-json\/wp\/v2\/pages\/292\/revisions\/347"}],"up":[{"embeddable":true,"href":"\/blog\/wp-json\/wp\/v2\/pages\/278"}],"wp:attachment":[{"href":"\/blog\/wp-json\/wp\/v2\/media?parent=292"}],"curies":[{"name":"wp","href":"https:\/\/api.w.org\/{rel}","templated":true}]}}