{"id":287,"date":"2022-05-23T11:58:38","date_gmt":"2022-05-23T09:58:38","guid":{"rendered":"\/blog\/?page_id=287"},"modified":"2025-01-02T16:25:47","modified_gmt":"2025-01-02T15:25:47","slug":"certolizumab-pegol-cimzia","status":"publish","type":"page","link":"\/blog\/traitements\/certolizumab-pegol-cimzia\/","title":{"rendered":"Certolizumab pegol (Cimzia) 2019-2024"},"content":{"rendered":"\n<div class=\"wp-block-image\"><figure class=\"alignleft size-full\"><img loading=\"lazy\" decoding=\"async\" width=\"280\" height=\"358\" src=\"\/blog\/wp-content\/uploads\/2022\/05\/UCB_cimzia_.jpg\" alt=\"\" class=\"wp-image-288\" srcset=\"\/blog\/wp-content\/uploads\/2022\/05\/UCB_cimzia_.jpg 280w, \/blog\/wp-content\/uploads\/2022\/05\/UCB_cimzia_-235x300.jpg 235w\" sizes=\"auto, (max-width: 280px) 100vw, 280px\" \/><\/figure><\/div>\n\n\n\n<p>Le certolizumab pegol est un fragment Fab&rsquo; d&rsquo;anticorps humanis\u00e9 recombinant, dirig\u00e9 contre le facteur de n\u00e9crose tumorale alpha (TNF\u03b1), exprim\u00e9 dans Escherichia coli, et conjugu\u00e9 \u00e0 du poly\u00e9thyl\u00e8ne glycol (PEG).<\/p>\n\n\n\n<p>Le certolizumab pegol agit en inhibant une prot\u00e9ine produite en exc\u00e8s au cours de la maladie de Crohn, le TNF\u03b1.<br>Le TNF\u03b1 est produit par les cellules de l\u2019organisme et favorise l\u2019inflammation, en participant \u00e0 la lutte contre certaines infections.<br>L\u2019adalimumab est&nbsp;<strong>un anticorps monoclonal,<\/strong>&nbsp;c&rsquo;est-\u00e0-dire une mol\u00e9cule tr\u00e8s cibl\u00e9e, produite gr\u00e2ce \u00e0 la biotechnologie pour neutraliser de fa\u00e7on sp\u00e9cifique le TNF\u03b1.<br>On utilise pour sa synth\u00e8se des cellules isol\u00e9es d\u2019origine humaine et une petite proportion (5%) provenant de souris.<br>Lorsque l\u2019on effectue une injection de certolizumab pegol, il reste pr\u00e9sent dans l\u2019organisme pendant 2 \u00e0 3 mois, avant d\u2019\u00eatre d\u00e9truit.<br>Le certolizumab pegol fait partie de la famille des traitements anti-TNF, comme l\u2019infliximab (R\u00e9micade\u00ae) et l\u2019adalimumab (Humira\u00ae).<\/p>\n\n\n\n<p><strong>Indications th\u00e9rapeutiques:<\/strong><br><strong>Polyarthrite rhumato\u00efde:&nbsp;<\/strong><br>Cimzia, en association au m\u00e9thotrexate (MTX), est indiqu\u00e9 dans :<br>\u2022 le traitement de la polyarthrite rhumato\u00efde (PR) active, mod\u00e9r\u00e9e \u00e0 s\u00e9v\u00e8re, de l&rsquo;adulte, lorsque la r\u00e9ponse aux traitements de fond (DMARDs), y compris le MTX, est inad\u00e9quate. Cimzia peut \u00eatre administr\u00e9 en monoth\u00e9rapie en cas d&rsquo;intol\u00e9rance au MTX ou lorsque la poursuite du traitement par le MTX est inadapt\u00e9e.<br>\u2022 le traitement de la polyarthrite rhumato\u00efde s\u00e9v\u00e8re, active et \u00e9volutive chez les adultes non pr\u00e9c\u00e9demment trait\u00e9s par le MTX ou les autres traitements de fond (DMARDs). Il a \u00e9t\u00e9 montr\u00e9 que Cimzia ralentit la progression des dommages structuraux articulaires mesur\u00e9s par radiographie et am\u00e9liore les capacit\u00e9s fonctionnelles, lorsqu&rsquo;il est administr\u00e9 en association au MTX.<\/p>\n\n\n\n<p><strong>Spondyloarthrite axiale:<\/strong><br>Cimzia est indiqu\u00e9 dans le traitement de la spondyloarthrite axiale active s\u00e9v\u00e8re de l\u2019adulte, incluant :<\/p>\n\n\n\n<p><strong>Spondylarthrite ankylosante (SA):<\/strong><br>Spondylarthrite ankylosante active s\u00e9v\u00e8re de l\u2019adulte en cas de r\u00e9ponse inad\u00e9quate ou d\u2019intol\u00e9rance aux anti-inflammatoires non st\u00e9ro\u00efdiens (AINS).<\/p>\n\n\n\n<p><strong>Spondyloarthrite axiale:<\/strong><br>Sans signes radiographiques de SA Spondyloarthrite axiale active s\u00e9v\u00e8re de l\u2019adulte sans signes radiographiques de SA, mais avec des signes objectifs d&rsquo;inflammation \u00e0 l\u2019imagerie par r\u00e9sonance magn\u00e9tique (IRM) et\/ou un taux \u00e9lev\u00e9 de prot\u00e9ine C r\u00e9active (CRP), en cas de r\u00e9ponse inad\u00e9quate ou d\u2019intol\u00e9rance aux AINS.<\/p>\n\n\n\n<p><strong>Rhumatisme psoriasique:<\/strong><br>Cimzia, en association au m\u00e9thotrexate (MTX), est indiqu\u00e9 dans le traitement du rhumatisme psoriasique actif de l\u2019adulte, lorsque la r\u00e9ponse aux traitements de fond (DMARDs) est inad\u00e9quate. Cimzia peut \u00eatre administr\u00e9 en monoth\u00e9rapie en cas d&rsquo;intol\u00e9rance au m\u00e9thotrexate ou lorsque la poursuite du traitement par le m\u00e9thotrexate est inadapt\u00e9e.<\/p>\n","protected":false},"excerpt":{"rendered":"<p>Le certolizumab pegol est un fragment Fab&rsquo; d&rsquo;anticorps humanis\u00e9 recombinant, dirig\u00e9 contre le facteur de n\u00e9crose tumorale alpha (TNF\u03b1), exprim\u00e9 dans Escherichia coli, et conjugu\u00e9<\/p>\n","protected":false},"author":1,"featured_media":0,"parent":278,"menu_order":4,"comment_status":"closed","ping_status":"closed","template":"","meta":{"footnotes":""},"class_list":["post-287","page","type-page","status-publish","hentry"],"_links":{"self":[{"href":"\/blog\/wp-json\/wp\/v2\/pages\/287","targetHints":{"allow":["GET"]}}],"collection":[{"href":"\/blog\/wp-json\/wp\/v2\/pages"}],"about":[{"href":"\/blog\/wp-json\/wp\/v2\/types\/page"}],"author":[{"embeddable":true,"href":"\/blog\/wp-json\/wp\/v2\/users\/1"}],"replies":[{"embeddable":true,"href":"\/blog\/wp-json\/wp\/v2\/comments?post=287"}],"version-history":[{"count":5,"href":"\/blog\/wp-json\/wp\/v2\/pages\/287\/revisions"}],"predecessor-version":[{"id":381,"href":"\/blog\/wp-json\/wp\/v2\/pages\/287\/revisions\/381"}],"up":[{"embeddable":true,"href":"\/blog\/wp-json\/wp\/v2\/pages\/278"}],"wp:attachment":[{"href":"\/blog\/wp-json\/wp\/v2\/media?parent=287"}],"curies":[{"name":"wp","href":"https:\/\/api.w.org\/{rel}","templated":true}]}}