{"id":278,"date":"2022-05-23T11:40:25","date_gmt":"2022-05-23T09:40:25","guid":{"rendered":"\/blog\/?page_id=278"},"modified":"2025-01-02T17:19:40","modified_gmt":"2025-01-02T16:19:40","slug":"traitements","status":"publish","type":"page","link":"\/blog\/traitements\/","title":{"rendered":"Traitements"},"content":{"rendered":"\n<p>Il n\u2019existe pas de traitement permettant de gu\u00e9rir la maladie. Cependant, de nombreux<strong>m\u00e9dicaments<\/strong>&nbsp;permettent de&nbsp;<strong>contr\u00f4ler les sympt\u00f4mes<\/strong>, en diminuant l\u2019inflammation et les douleurs. Comme la&nbsp;<strong>spondylarthrite ankylosante<\/strong>&nbsp;\u00e9volue par pouss\u00e9es, certaines personnes n\u2019auront besoin que d\u2019un traitement temporaire lors des p\u00e9riodes douloureuses. D\u2019autres personnes, au contraire, souffriront d\u2019une forme plus active de la maladie, avec un risque plus \u00e9lev\u00e9 d\u2019ankylose. Dans ces cas, un traitement au long cours, appel\u00e9&nbsp;<strong>traitement de fond<\/strong>, peut \u00eatre n\u00e9cessaire. Bien souvent, malheureusement, les sympt\u00f4mes risquent de r\u00e9appara\u00eetre \u00e0 l\u2019arr\u00eat du traitement. Cependant, gr\u00e2ce aux traitements actuels, la majorit\u00e9 des personnes atteintes de spondylarthrite ankylosante peut mener une vie normale.<\/p>\n\n\n\n<p><strong>Traitements antidouleur :<\/strong><\/p>\n\n\n\n<p><strong>Anti-inflammatoires non st\u00e9ro\u00efdiens ou AINS:<\/strong><\/p>\n\n\n<div class=\"wp-block-image\">\n<figure class=\"alignleft size-full is-resized\"><img loading=\"lazy\" decoding=\"async\" width=\"500\" height=\"253\" src=\"\/blog\/wp-content\/uploads\/2022\/05\/92489693.png\" alt=\"\" class=\"wp-image-313\" style=\"width:228px;height:115px\" srcset=\"\/blog\/wp-content\/uploads\/2022\/05\/92489693.png 500w, \/blog\/wp-content\/uploads\/2022\/05\/92489693-300x152.png 300w\" sizes=\"auto, (max-width: 500px) 100vw, 500px\" \/><\/figure>\n<\/div>\n\n\n<p>Les AINS sont le traitement de base de la spondylarthrite. Ils permettent de r\u00e9duire la douleur et l\u2019inflammation. Ils comprennent l\u2019acide ac\u00e9tylsalicylique (Aspirine\u00ae), l\u2019ibuprof\u00e8ne (Motrin\u00ae,&nbsp;Advil\u00ae, etc.) mais aussi des m\u00e9dicaments plus puissants, comme le naprox\u00e8ne (Naprosyne\u00ae), le diclof\u00e9nac (Voltar\u00e8ne\u00ae), le piroxicam (Feld\u00e8ne\u00ae) ou le sulindac (Clinoril\u00ae), qui doivent \u00eatre prescrits par le m\u00e9decin. Le traitement par AINS est g\u00e9n\u00e9ralement prescrit jusqu\u2019\u00e0 ce que la douleur et la raideur articulaires s\u2019estompent, parfois pendant plusieurs semaines. Lorsque les AINS ne suffisent pas \u00e0 att\u00e9nuer les sympt\u00f4mes, un traitement de fond peut \u00eatre prescrit. L\u2019arriv\u00e9e de traitements r\u00e9cents, appel\u00e9s&nbsp;<strong>traitements biologiques<\/strong>&nbsp;(ou anti-TNF-alpha) a permis d\u2019am\u00e9liorer consid\u00e9rablement la prise en charge des cas graves de spondylarthrite.&nbsp;Pris sur une longue&nbsp;p\u00e9riode, les&nbsp;<strong>anti-inflammatoires non st\u00e9ro\u00efdiens<\/strong>&nbsp;peuvent entra\u00eener des complications digestives, comme un&nbsp;<a href=\"http:\/\/www.passeportsante.net\/fr\/Maux\/Problemes\/Fiche.aspx?doc=ulcere_gastroduodenal_pm\">ulc\u00e8re de l\u2019estomac<\/a>. Le m\u00e9decin prescrit souvent un m\u00e9dicament destin\u00e9 \u00e0 prot\u00e9ger l\u2019estomac, soit la famotidine (Pepcid), l\u2019om\u00e9prazole (Mopral\u00ae) ou le misoprostol (Cytotec), \u00e0 prendre en m\u00eame temps que l\u2019AINS. Les inhibiteurs sp\u00e9cifiques de la COX-2 (de type Celebrex\u00ae) sont d\u2019autres AINS qui causent moins de probl\u00e8mes gastriques. Il faut toujours consulter son m\u00e9decin avant de prendre un AINS sur une longue p\u00e9riode.&nbsp;&nbsp;<\/p>\n\n\n\n<p><strong>Injections de cortico\u00efdes:&nbsp;<\/strong>&nbsp;En cas de douleur intense, le m\u00e9decin peut injecter des cortico\u00efdes (cortisone), directement dans les articulations douloureuses. Il s\u2019agit d\u2019anti-inflammatoires puissants qui apportent un soulagement \u00e0 court terme. &nbsp;<\/p>\n\n\n\n<p><strong>Les anti-TNF alpha<\/strong>:<\/p>\n\n\n\n<figure class=\"wp-block-gallery has-nested-images columns-default is-cropped wp-block-gallery-1 is-layout-flex wp-block-gallery-is-layout-flex\">\n<figure class=\"wp-block-image size-large\"><img loading=\"lazy\" decoding=\"async\" width=\"415\" height=\"270\" data-id=\"339\" src=\"\/blog\/wp-content\/uploads\/2022\/05\/enbrel-2.jpg\" alt=\"\" class=\"wp-image-339\" srcset=\"\/blog\/wp-content\/uploads\/2022\/05\/enbrel-2.jpg 415w, \/blog\/wp-content\/uploads\/2022\/05\/enbrel-2-300x195.jpg 300w\" sizes=\"auto, (max-width: 415px) 100vw, 415px\" \/><\/figure>\n\n\n\n<figure class=\"wp-block-image size-large\"><img loading=\"lazy\" decoding=\"async\" width=\"450\" height=\"410\" data-id=\"340\" src=\"\/blog\/wp-content\/uploads\/2022\/05\/Humira-side-effects-2.jpg\" alt=\"\" class=\"wp-image-340\" srcset=\"\/blog\/wp-content\/uploads\/2022\/05\/Humira-side-effects-2.jpg 450w, \/blog\/wp-content\/uploads\/2022\/05\/Humira-side-effects-2-300x273.jpg 300w\" sizes=\"auto, (max-width: 450px) 100vw, 450px\" \/><\/figure>\n<\/figure>\n\n\n\n<figure class=\"wp-block-gallery has-nested-images columns-default is-cropped wp-block-gallery-2 is-layout-flex wp-block-gallery-is-layout-flex\">\n<figure class=\"wp-block-image size-large\"><img loading=\"lazy\" decoding=\"async\" width=\"502\" height=\"384\" data-id=\"341\" src=\"\/blog\/wp-content\/uploads\/2022\/05\/remicade_packshot-2.jpg\" alt=\"\" class=\"wp-image-341\" srcset=\"\/blog\/wp-content\/uploads\/2022\/05\/remicade_packshot-2.jpg 502w, \/blog\/wp-content\/uploads\/2022\/05\/remicade_packshot-2-300x229.jpg 300w\" sizes=\"auto, (max-width: 502px) 100vw, 502px\" \/><\/figure>\n\n\n\n<figure class=\"wp-block-image size-large\"><img loading=\"lazy\" decoding=\"async\" width=\"1024\" height=\"685\" data-id=\"342\" src=\"\/blog\/wp-content\/uploads\/2022\/05\/Simponi-Ire-Pack-Shot-2-1024x685.jpg\" alt=\"\" class=\"wp-image-342\" srcset=\"\/blog\/wp-content\/uploads\/2022\/05\/Simponi-Ire-Pack-Shot-2-1024x685.jpg 1024w, \/blog\/wp-content\/uploads\/2022\/05\/Simponi-Ire-Pack-Shot-2-300x201.jpg 300w, \/blog\/wp-content\/uploads\/2022\/05\/Simponi-Ire-Pack-Shot-2-768x514.jpg 768w, \/blog\/wp-content\/uploads\/2022\/05\/Simponi-Ire-Pack-Shot-2-1536x1028.jpg 1536w, \/blog\/wp-content\/uploads\/2022\/05\/Simponi-Ire-Pack-Shot-2-2048x1371.jpg 2048w\" sizes=\"auto, (max-width: 1024px) 100vw, 1024px\" \/><\/figure>\n<\/figure>\n\n\n\n<figure class=\"wp-block-gallery aligncenter has-nested-images columns-default is-cropped wp-block-gallery-3 is-layout-flex wp-block-gallery-is-layout-flex\">\n<figure class=\"wp-block-image size-full\"><a href=\"\/blog\/wp-content\/uploads\/2022\/05\/IMG_0169.jpg\" data-lbwps-width=\"1000\" data-lbwps-height=\"750\"><img loading=\"lazy\" decoding=\"async\" width=\"1000\" height=\"750\" data-id=\"325\" src=\"\/blog\/wp-content\/uploads\/2022\/05\/IMG_0169.jpg\" alt=\"\" class=\"wp-image-325\" srcset=\"\/blog\/wp-content\/uploads\/2022\/05\/IMG_0169.jpg 1000w, \/blog\/wp-content\/uploads\/2022\/05\/IMG_0169-300x225.jpg 300w, \/blog\/wp-content\/uploads\/2022\/05\/IMG_0169-768x576.jpg 768w, \/blog\/wp-content\/uploads\/2022\/05\/IMG_0169-800x600.jpg 800w\" sizes=\"auto, (max-width: 1000px) 100vw, 1000px\" \/><\/a><figcaption class=\"wp-element-caption\"><a href=\"http:\/\/192.168.2.10\/old\/contenu\/images\/Pages\/SA\/IMG_0169.JPG\"><\/a><br>injection de remicade<\/figcaption><\/figure>\n\n\n\n<figure class=\"wp-block-image size-full\"><a href=\"\/blog\/wp-content\/uploads\/2022\/05\/IMG_0171.jpg\" data-lbwps-width=\"1000\" data-lbwps-height=\"750\"><img loading=\"lazy\" decoding=\"async\" width=\"1000\" height=\"750\" data-id=\"326\" src=\"\/blog\/wp-content\/uploads\/2022\/05\/IMG_0171.jpg\" alt=\"\" class=\"wp-image-326\" srcset=\"\/blog\/wp-content\/uploads\/2022\/05\/IMG_0171.jpg 1000w, \/blog\/wp-content\/uploads\/2022\/05\/IMG_0171-300x225.jpg 300w, \/blog\/wp-content\/uploads\/2022\/05\/IMG_0171-768x576.jpg 768w, \/blog\/wp-content\/uploads\/2022\/05\/IMG_0171-800x600.jpg 800w\" sizes=\"auto, (max-width: 1000px) 100vw, 1000px\" \/><\/a><figcaption class=\"wp-element-caption\"><a href=\"http:\/\/192.168.2.10\/old\/contenu\/images\/Pages\/SA\/IMG_0169.JPG\"><\/a><br>injection de remicade<\/figcaption><\/figure>\n<\/figure>\n\n\n\n<p>Les anti-TNF (Tumor Necrosis Factor) alpha, aussi appel\u00e9s modificateurs de la r\u00e9ponse biologique, sont des m\u00e9dicaments r\u00e9cents tr\u00e8s utilis\u00e9s pour le traitement des rhumatismes inflammatoires. En cas de spondylarthrite ankylosante, l\u2019\u00e9tanercept (Enbrel\u00ae), l&rsquo;adalimumab&nbsp;(Humira\u00ae), l\u2019infliximab (Remicade\u00ae) et le petit nouveau, le golimumab (Simponi\u00ae)sont couramment prescrits. Ils permettent de r\u00e9duire rapidement la douleur et la raideur matinales et de diminuer l&rsquo;inflammation. Ces traitements co\u00fbtent toutefois tr\u00e8s cher et ne sont prescrits qu\u2019en cas d\u2019\u00e9chec des traitements classiques.<\/p>\n\n\n\n<p><strong>La physioth\u00e9rapie:&nbsp;<\/strong>L&rsquo;exercice physique&nbsp;est un des aspects importants du traitement car il aide \u00e0 maintenir une bonne posture et \u00e0 augmenter la capacit\u00e9 respiratoire. Il faut cependant&nbsp;\u00e9viter tous les exercices qui demandent un effort particulier de la colonne vert\u00e9brale,&nbsp;de m\u00eame que les sports de contact. La&nbsp;<strong>natation<\/strong>&nbsp;et certains&nbsp;<strong>\u00e9tirements<\/strong>&nbsp;qui renforcent le dos et l&rsquo;abdomen sont particuli\u00e8rement b\u00e9n\u00e9fiques. Il est conseill\u00e9 de consulter un physioth\u00e9rapeute pour mettre en place avec lui un programme d\u2019exercices adapt\u00e9 \u00e0 vos douleurs et vos raideurs articulaires. Les exercices de renforcement musculaire, en particulier ceux qui musclent le dos, sont \u00e9galement b\u00e9n\u00e9fiques pour maintenir une bonne posture. &nbsp;<\/p>\n\n\n\n<p><strong>La chirurgie:&nbsp;<\/strong>En cas de spondylarthrite ankylosante grave, lorsque les articulations sont tr\u00e8s endommag\u00e9es, une&nbsp;<strong>intervention chirurgicale<\/strong>&nbsp;peut \u00eatre n\u00e9cessaire. Elle permet de remplacer l\u2019articulation ab\u00eem\u00e9e, le plus souvent l\u2019articulation de la hanche, par une proth\u00e8se. Cette intervention permet de redonner de la mobilit\u00e9 et d\u2019att\u00e9nuer les douleurs.<\/p>\n\n\n<div class=\"wp-block-image\">\n<figure class=\"aligncenter size-full is-resized\"><img loading=\"lazy\" decoding=\"async\" width=\"225\" height=\"225\" src=\"\/blog\/wp-content\/uploads\/2022\/05\/images.jpg\" alt=\"\" class=\"wp-image-329\" style=\"width:196px;height:196px\" srcset=\"\/blog\/wp-content\/uploads\/2022\/05\/images.jpg 225w, \/blog\/wp-content\/uploads\/2022\/05\/images-150x150.jpg 150w\" sizes=\"auto, (max-width: 225px) 100vw, 225px\" \/><\/figure>\n<\/div>\n\n\n<p><\/p>\n","protected":false},"excerpt":{"rendered":"<p>Il n\u2019existe pas de traitement permettant de gu\u00e9rir la maladie. Cependant, de nombreuxm\u00e9dicaments&nbsp;permettent de&nbsp;contr\u00f4ler les sympt\u00f4mes, en diminuant l\u2019inflammation et les douleurs. Comme la&nbsp;spondylarthrite ankylosante&nbsp;\u00e9volue<\/p>\n","protected":false},"author":1,"featured_media":0,"parent":0,"menu_order":0,"comment_status":"closed","ping_status":"closed","template":"","meta":{"footnotes":""},"class_list":["post-278","page","type-page","status-publish","hentry"],"_links":{"self":[{"href":"\/blog\/wp-json\/wp\/v2\/pages\/278","targetHints":{"allow":["GET"]}}],"collection":[{"href":"\/blog\/wp-json\/wp\/v2\/pages"}],"about":[{"href":"\/blog\/wp-json\/wp\/v2\/types\/page"}],"author":[{"embeddable":true,"href":"\/blog\/wp-json\/wp\/v2\/users\/1"}],"replies":[{"embeddable":true,"href":"\/blog\/wp-json\/wp\/v2\/comments?post=278"}],"version-history":[{"count":10,"href":"\/blog\/wp-json\/wp\/v2\/pages\/278\/revisions"}],"predecessor-version":[{"id":405,"href":"\/blog\/wp-json\/wp\/v2\/pages\/278\/revisions\/405"}],"wp:attachment":[{"href":"\/blog\/wp-json\/wp\/v2\/media?parent=278"}],"curies":[{"name":"wp","href":"https:\/\/api.w.org\/{rel}","templated":true}]}}